{"id":2239,"date":"2024-05-06T11:04:41","date_gmt":"2024-05-06T11:04:41","guid":{"rendered":"https:\/\/www.uffmusic.com\/?page_id=2239"},"modified":"2024-05-15T00:53:37","modified_gmt":"2024-05-15T00:53:37","slug":"get-paid-to-listen-music","status":"publish","type":"page","link":"https:\/\/www.uffmusic.com\/tr\/get-paid-to-listen-music\/","title":{"rendered":"M\u00fczik Dinleyerek Para Kazan"},"content":{"rendered":"<div data-elementor-type=\"wp-page\" data-elementor-id=\"2239\" class=\"elementor elementor-2239\" data-elementor-post-type=\"page\">\n\t\t\t\t<div class=\"elementor-element elementor-element-26dff90 e-flex e-con-boxed e-con e-parent\" data-id=\"26dff90\" data-element_type=\"container\" data-e-type=\"container\">\n\t\t\t\t\t<div class=\"e-con-inner\">\n\t\t\t\t<div class=\"elementor-element elementor-element-b7d0f69 elementor-widget elementor-widget-heading\" data-id=\"b7d0f69\" data-element_type=\"widget\" data-e-type=\"widget\" data-widget_type=\"heading.default\">\n\t\t\t\t<div class=\"elementor-widget-container\">\n\t\t\t\t\t<h2 class=\"elementor-heading-title elementor-size-default\">M\u00fczik <span class=\"ozelfont\">Dinleyerek <\/span>para kazan<\/h2>\t\t\t\t<\/div>\n\t\t\t\t<\/div>\n\t\t\t\t<div class=\"elementor-element elementor-element-12425ed elementor-widget elementor-widget-text-editor\" data-id=\"12425ed\" data-element_type=\"widget\" data-e-type=\"widget\" data-widget_type=\"text-editor.default\">\n\t\t\t\t<div class=\"elementor-widget-container\">\n\t\t\t\t\t\t\t\t\t<p>Spotify \u00e7alma listeniz mi var? A\u011f\u0131m\u0131za kat\u0131l\u0131n ve bug\u00fcn kazanmaya ba\u015flay\u0131n!<\/p>\t\t\t\t\t\t\t\t<\/div>\n\t\t\t\t<\/div>\n\t\t\t\t<div class=\"elementor-element elementor-element-ead1016 elementor-align-center elementor-widget elementor-widget-button\" data-id=\"ead1016\" data-element_type=\"widget\" data-e-type=\"widget\" data-widget_type=\"button.default\">\n\t\t\t\t<div class=\"elementor-widget-container\">\n\t\t\t\t\t\t\t\t\t<div class=\"elementor-button-wrapper\">\n\t\t\t\t\t<a class=\"elementor-button elementor-button-link elementor-size-sm\" href=\"mailto:contact@uffmusic.com\">\n\t\t\t\t\t\t<span class=\"elementor-button-content-wrapper\">\n\t\t\t\t\t\t<span class=\"elementor-button-icon\">\n\t\t\t\t<svg aria-hidden=\"true\" class=\"e-font-icon-svg e-fas-arrow-right\" viewbox=\"0 0 448 512\" xmlns=\"http:\/\/www.w3.org\/2000\/svg\"><path d=\"M190.5 66.9l22.2-22.2c9.4-9.4 24.6-9.4 33.9 0L441 239c9.4 9.4 9.4 24.6 0 33.9L246.6 467.3c-9.4 9.4-24.6 9.4-33.9 0l-22.2-22.2c-9.5-9.5-9.3-25 .4-34.3L311.4 296H24c-13.3 0-24-10.7-24-24v-32c0-13.3 10.7-24 24-24h287.4L190.9 101.2c-9.8-9.3-10-24.8-.4-34.3z\"><\/path><\/svg>\t\t\t<\/span>\n\t\t\t\t\t\t\t\t\t<span class=\"elementor-button-text\">\u015eimdi Ba\u015fvurun<\/span>\n\t\t\t\t\t<\/span>\n\t\t\t\t\t<\/a>\n\t\t\t\t<\/div>\n\t\t\t\t\t\t\t\t<\/div>\n\t\t\t\t<\/div>\n\t\t<div class=\"elementor-element elementor-element-a1b4c23 e-flex e-con-boxed e-con e-child\" data-id=\"a1b4c23\" data-element_type=\"container\" data-e-type=\"container\">\n\t\t\t\t\t<div class=\"e-con-inner\">\n\t\t<div class=\"elementor-element elementor-element-a4cb622 e-con-full e-flex e-con e-child\" data-id=\"a4cb622\" data-element_type=\"container\" data-e-type=\"container\">\n\t\t\t\t<div class=\"elementor-element elementor-element-b595291 elementor-widget elementor-widget-counter\" data-id=\"b595291\" data-element_type=\"widget\" data-e-type=\"widget\" data-widget_type=\"counter.default\">\n\t\t\t\t<div class=\"elementor-widget-container\">\n\t\t\t\t\t\t\t<div class=\"elementor-counter\">\n\t\t\t<div class=\"elementor-counter-title\">K\u00dcRAT\u00d6RLER KATILDI<\/div>\t\t\t<div class=\"elementor-counter-number-wrapper\">\n\t\t\t\t<span class=\"elementor-counter-number-prefix\"><\/span>\n\t\t\t\t<span class=\"elementor-counter-number\" data-duration=\"2000\" data-to-value=\"1227\" data-from-value=\"0\" data-delimiter=\".\">0<\/span>\n\t\t\t\t<span class=\"elementor-counter-number-suffix\">+<\/span>\n\t\t\t<\/div>\n\t\t<\/div>\n\t\t\t\t\t\t<\/div>\n\t\t\t\t<\/div>\n\t\t\t\t<\/div>\n\t\t<div class=\"elementor-element elementor-element-89ceea1 e-con-full e-flex e-con e-child\" data-id=\"89ceea1\" data-element_type=\"container\" data-e-type=\"container\">\n\t\t\t\t<div class=\"elementor-element elementor-element-df75348 elementor-widget elementor-widget-counter\" data-id=\"df75348\" data-element_type=\"widget\" data-e-type=\"widget\" data-widget_type=\"counter.default\">\n\t\t\t\t<div class=\"elementor-widget-container\">\n\t\t\t\t\t\t\t<div class=\"elementor-counter\">\n\t\t\t<div class=\"elementor-counter-title\">PAR\u00c7ALAR G\u00d6NDER\u0130LD\u0130<\/div>\t\t\t<div class=\"elementor-counter-number-wrapper\">\n\t\t\t\t<span class=\"elementor-counter-number-prefix\"><\/span>\n\t\t\t\t<span class=\"elementor-counter-number\" data-duration=\"2000\" data-to-value=\"572\" data-from-value=\"0\" data-delimiter=\".\">0<\/span>\n\t\t\t\t<span class=\"elementor-counter-number-suffix\">K+<\/span>\n\t\t\t<\/div>\n\t\t<\/div>\n\t\t\t\t\t\t<\/div>\n\t\t\t\t<\/div>\n\t\t\t\t<\/div>\n\t\t<div class=\"elementor-element elementor-element-13ed5dd e-con-full e-flex e-con e-child\" data-id=\"13ed5dd\" data-element_type=\"container\" data-e-type=\"container\">\n\t\t\t\t<div class=\"elementor-element elementor-element-0219f34 elementor-widget elementor-widget-counter\" data-id=\"0219f34\" data-element_type=\"widget\" data-e-type=\"widget\" data-widget_type=\"counter.default\">\n\t\t\t\t<div class=\"elementor-widget-container\">\n\t\t\t\t\t\t\t<div class=\"elementor-counter\">\n\t\t\t<div class=\"elementor-counter-title\">\u0130\u015eLENEN \u015eARKILAR<\/div>\t\t\t<div class=\"elementor-counter-number-wrapper\">\n\t\t\t\t<span class=\"elementor-counter-number-prefix\"><\/span>\n\t\t\t\t<span class=\"elementor-counter-number\" data-duration=\"2000\" data-to-value=\"215\" data-from-value=\"0\" data-delimiter=\".\">0<\/span>\n\t\t\t\t<span class=\"elementor-counter-number-suffix\">K+<\/span>\n\t\t\t<\/div>\n\t\t<\/div>\n\t\t\t\t\t\t<\/div>\n\t\t\t\t<\/div>\n\t\t\t\t<\/div>\n\t\t\t\t\t<\/div>\n\t\t\t\t<\/div>\n\t\t\t\t\t<\/div>\n\t\t\t\t<\/div>\n\t\t<div class=\"elementor-element elementor-element-a2cad42 e-con-full e-flex e-con e-parent\" data-id=\"a2cad42\" data-element_type=\"container\" data-e-type=\"container\">\n\t\t\t\t<div class=\"elementor-element elementor-element-7e6008c elementor-widget elementor-widget-image\" data-id=\"7e6008c\" data-element_type=\"widget\" data-e-type=\"widget\" data-widget_type=\"image.default\">\n\t\t\t\t<div class=\"elementor-widget-container\">\n\t\t\t\t\t\t\t\t\t\t\t\t\t\t\t<img fetchpriority=\"high\" decoding=\"async\" width=\"2160\" height=\"717\" src=\"https:\/\/www.uffmusic.com\/wp-content\/uploads\/2024\/05\/Hero-Images.webp\" class=\"attachment-full size-full wp-image-2250\" alt=\"\" srcset=\"https:\/\/www.uffmusic.com\/wp-content\/uploads\/2024\/05\/Hero-Images.webp 2160w, https:\/\/www.uffmusic.com\/wp-content\/uploads\/2024\/05\/Hero-Images-300x100.webp 300w, https:\/\/www.uffmusic.com\/wp-content\/uploads\/2024\/05\/Hero-Images-1024x340.webp 1024w, https:\/\/www.uffmusic.com\/wp-content\/uploads\/2024\/05\/Hero-Images-768x255.webp 768w, https:\/\/www.uffmusic.com\/wp-content\/uploads\/2024\/05\/Hero-Images-1536x510.webp 1536w, https:\/\/www.uffmusic.com\/wp-content\/uploads\/2024\/05\/Hero-Images-2048x680.webp 2048w\" sizes=\"(max-width: 2160px) 100vw, 2160px\" \/>\t\t\t\t\t\t\t\t\t\t\t\t\t\t\t<\/div>\n\t\t\t\t<\/div>\n\t\t\t\t<\/div>\n\t\t<div class=\"elementor-element elementor-element-99948ef e-flex e-con-boxed e-con e-parent\" data-id=\"99948ef\" data-element_type=\"container\" data-e-type=\"container\">\n\t\t\t\t\t<div class=\"e-con-inner\">\n\t\t<div class=\"elementor-element elementor-element-76a8b9e e-flex e-con-boxed e-con e-child\" data-id=\"76a8b9e\" data-element_type=\"container\" data-e-type=\"container\">\n\t\t\t\t\t<div class=\"e-con-inner\">\n\t\t\t\t<div class=\"elementor-element elementor-element-ab1fd38 elementor-widget elementor-widget-heading\" data-id=\"ab1fd38\" data-element_type=\"widget\" data-e-type=\"widget\" data-widget_type=\"heading.default\">\n\t\t\t\t<div class=\"elementor-widget-container\">\n\t\t\t\t\t<h2 class=\"elementor-heading-title elementor-size-default\">M\u00fczik dinlemek ve incelemek i\u00e7in para al\u0131n<\/h2>\t\t\t\t<\/div>\n\t\t\t\t<\/div>\n\t\t\t\t<div class=\"elementor-element elementor-element-4db3203 elementor-widget elementor-widget-text-editor\" data-id=\"4db3203\" data-element_type=\"widget\" data-e-type=\"widget\" data-widget_type=\"text-editor.default\">\n\t\t\t\t<div class=\"elementor-widget-container\">\n\t\t\t\t\t\t\t\t\t<p>M\u00fczik dinlemek i\u00e7in para kazanma f\u0131rsat\u0131n\u0131 yakalay\u0131n! \u015eark\u0131lar\u0131 dinleyerek ve inceleyerek kazan\u0131n. Bir \u015fark\u0131 kula\u011f\u0131n\u0131za \u00e7arparsa onu Spotify \u00e7alma listenize eklemeyi d\u00fc\u015f\u00fcn\u00fcn. Ba\u015flamak i\u00e7in GER\u00c7EK organik takip\u00e7ilere sahip bir oynatma listesine sahip olman\u0131z yeterlidir. K\u00fcrat\u00f6r yolculu\u011funuza bug\u00fcn ba\u015flay\u0131n!<\/p>\t\t\t\t\t\t\t\t<\/div>\n\t\t\t\t<\/div>\n\t\t<div class=\"elementor-element elementor-element-b28358c e-con-full e-flex e-con e-child\" data-id=\"b28358c\" data-element_type=\"container\" data-e-type=\"container\">\n\t\t<div class=\"elementor-element elementor-element-6bf145e e-con-full e-flex e-con e-child\" data-id=\"6bf145e\" data-element_type=\"container\" data-e-type=\"container\">\n\t\t\t\t<div class=\"elementor-element elementor-element-c6e59be elementor-view-default elementor-position-block-start elementor-mobile-position-block-start elementor-widget elementor-widget-icon-box\" data-id=\"c6e59be\" data-element_type=\"widget\" data-e-type=\"widget\" data-widget_type=\"icon-box.default\">\n\t\t\t\t<div class=\"elementor-widget-container\">\n\t\t\t\t\t\t\t<div class=\"elementor-icon-box-wrapper\">\n\n\t\t\t\t\t\t<div class=\"elementor-icon-box-icon\">\n\t\t\t\t<span  class=\"elementor-icon\">\n\t\t\t\t<svg aria-hidden=\"true\" class=\"e-font-icon-svg e-fas-holly-berry\" viewbox=\"0 0 448 512\" xmlns=\"http:\/\/www.w3.org\/2000\/svg\"><path d=\"M144 192c26.5 0 48-21.5 48-48s-21.5-48-48-48-48 21.5-48 48 21.5 48 48 48zm112-48c0 26.5 21.5 48 48 48s48-21.5 48-48-21.5-48-48-48-48 21.5-48 48zm-32-48c26.5 0 48-21.5 48-48S250.5 0 224 0s-48 21.5-48 48 21.5 48 48 48zm-16.2 139.1c.1-12.4-13.1-20.1-23.8-13.7-34.3 20.3-71.4 32.7-108.7 36.2-9.7.9-15.6 11.3-11.6 20.2 6.2 13.9 11.1 28.6 14.7 43.8 3.6 15.2-5.3 30.6-20.2 35.1-14.9 4.5-30.1 7.6-45.3 9.1-9.7 1-15.7 11.3-11.7 20.2 15 32.8 22.9 69.5 23 107.7.1 14.4 15.2 23.1 27.6 16 33.2-19 68.9-30.5 104.8-33.9 9.7-.9 15.6-11.3 11.6-20.2-6.2-13.9-11.1-28.6-14.7-43.8-3.6-15.2 5.3-30.6 20.2-35.1 14.9-4.5 30.1-7.6 45.3-9.1 9.7-1 15.7-11.3 11.7-20.2-15.5-34.2-23.3-72.5-22.9-112.3zM435 365.6c-15.2-1.6-30.3-4.7-45.3-9.1-14.9-4.5-23.8-19.9-20.2-35.1 3.6-15.2 8.5-29.8 14.7-43.8 4-8.9-1.9-19.3-11.6-20.2-37.3-3.5-74.4-15.9-108.7-36.2-10.7-6.3-23.9 1.4-23.8 13.7 0 1.6-.2 3.2-.2 4.9.2 33.3 7 65.7 19.9 94 5.7 12.4 5.2 26.6-.6 38.9 4.9 1.2 9.9 2.2 14.8 3.7 14.9 4.5 23.8 19.9 20.2 35.1-3.6 15.2-8.5 29.8-14.7 43.8-4 8.9 1.9 19.3 11.6 20.2 35.9 3.4 71.6 14.9 104.8 33.9 12.5 7.1 27.6-1.6 27.6-16 .2-38.2 8-75 23-107.7 4.3-8.7-1.8-19.1-11.5-20.1z\"><\/path><\/svg>\t\t\t\t<\/span>\n\t\t\t<\/div>\n\t\t\t\n\t\t\t\t\t\t<div class=\"elementor-icon-box-content\">\n\n\t\t\t\t\t\t\t\t\t<h3 class=\"elementor-icon-box-title\">\n\t\t\t\t\t\t<span  >\n\t\t\t\t\t\t\t\u0130nceleme ba\u015f\u0131na \u00f6deme \t\t\t\t\t\t<\/span>\n\t\t\t\t\t<\/h3>\n\t\t\t\t\n\t\t\t\t\t\t\t\t\t<p class=\"elementor-icon-box-description\">\n\t\t\t\t\t\tDo\u011frulanm\u0131\u015f \u00e7alma listesi k\u00fcrat\u00f6rleri \u015fark\u0131 incelemesi ba\u015f\u0131na <b>14 ABD dolar\u0131na kadar kazanabilir<\/b>\t\t\t\t\t<\/p>\n\t\t\t\t\n\t\t\t<\/div>\n\t\t\t\n\t\t<\/div>\n\t\t\t\t\t\t<\/div>\n\t\t\t\t<\/div>\n\t\t\t\t<\/div>\n\t\t<div class=\"elementor-element elementor-element-961e28e e-con-full e-flex e-con e-child\" data-id=\"961e28e\" data-element_type=\"container\" data-e-type=\"container\">\n\t\t\t\t<div class=\"elementor-element elementor-element-9d2d5a4 elementor-view-default elementor-position-block-start elementor-mobile-position-block-start elementor-widget elementor-widget-icon-box\" data-id=\"9d2d5a4\" data-element_type=\"widget\" data-e-type=\"widget\" data-widget_type=\"icon-box.default\">\n\t\t\t\t<div class=\"elementor-widget-container\">\n\t\t\t\t\t\t\t<div class=\"elementor-icon-box-wrapper\">\n\n\t\t\t\t\t\t<div class=\"elementor-icon-box-icon\">\n\t\t\t\t<span  class=\"elementor-icon\">\n\t\t\t\t<svg aria-hidden=\"true\" class=\"e-font-icon-svg e-far-hand-point-up\" viewbox=\"0 0 448 512\" xmlns=\"http:\/\/www.w3.org\/2000\/svg\"><path d=\"M105.6 83.2v86.177a115.52 115.52 0 0 0-22.4-2.176c-47.914 0-83.2 35.072-83.2 92 0 45.314 48.537 57.002 78.784 75.707 12.413 7.735 23.317 16.994 33.253 25.851l.146.131.148.129C129.807 376.338 136 384.236 136 391.2v2.679c-4.952 5.747-8 13.536-8 22.12v64c0 17.673 12.894 32 28.8 32h230.4c15.906 0 28.8-14.327 28.8-32v-64c0-8.584-3.048-16.373-8-22.12V391.2c0-28.688 40-67.137 40-127.2v-21.299c0-62.542-38.658-98.8-91.145-99.94-17.813-12.482-40.785-18.491-62.791-15.985A93.148 93.148 0 0 0 272 118.847V83.2C272 37.765 234.416 0 188.8 0c-45.099 0-83.2 38.101-83.2 83.2zm118.4 0v91.026c14.669-12.837 42.825-14.415 61.05 4.95 19.646-11.227 45.624-1.687 53.625 12.925 39.128-6.524 61.325 10.076 61.325 50.6V264c0 45.491-35.913 77.21-39.676 120H183.571c-2.964-25.239-21.222-42.966-39.596-59.075-12.65-11.275-25.3-21.725-39.875-30.799C80.712 279.645 48 267.994 48 259.2c0-23.375 8.8-44 35.2-44 35.2 0 53.075 26.4 70.4 26.4V83.2c0-18.425 16.5-35.2 35.2-35.2 18.975 0 35.2 16.225 35.2 35.2zM352 424c13.255 0 24 10.745 24 24s-10.745 24-24 24-24-10.745-24-24 10.745-24 24-24z\"><\/path><\/svg>\t\t\t\t<\/span>\n\t\t\t<\/div>\n\t\t\t\n\t\t\t\t\t\t<div class=\"elementor-icon-box-content\">\n\n\t\t\t\t\t\t\t\t\t<h3 class=\"elementor-icon-box-title\">\n\t\t\t\t\t\t<span  >\n\t\t\t\t\t\t\t \t\t\t\t\t\tAn\u0131nda \u00f6demeler\t\t\t\t\t\t\t\t\t\t\t<\/span>\n\t\t\t\t\t<\/h3>\n\t\t\t\t\n\t\t\t\t\t\t\t\t\t<p class=\"elementor-icon-box-description\">\n\t\t\t\t\t\t\tBanka hesab\u0131n\u0131za do\u011frudan <b>para yat\u0131rma yoluyla istedi\u011finiz zaman<\/b> \u00f6deme talep edin\t\t\t\t\t\t<\/p>\n\t\t\t\t\n\t\t\t<\/div>\n\t\t\t\n\t\t<\/div>\n\t\t\t\t\t\t<\/div>\n\t\t\t\t<\/div>\n\t\t\t\t<\/div>\n\t\t\t\t<\/div>\n\t\t<div class=\"elementor-element elementor-element-39e60b8 e-con-full e-flex e-con e-child\" data-id=\"39e60b8\" data-element_type=\"container\" data-e-type=\"container\">\n\t\t<div class=\"elementor-element elementor-element-c42a82c e-con-full e-flex e-con e-child\" data-id=\"c42a82c\" data-element_type=\"container\" data-e-type=\"container\">\n\t\t\t\t<div class=\"elementor-element elementor-element-1349e4c elementor-view-default elementor-position-block-start elementor-mobile-position-block-start elementor-widget elementor-widget-icon-box\" data-id=\"1349e4c\" data-element_type=\"widget\" data-e-type=\"widget\" data-widget_type=\"icon-box.default\">\n\t\t\t\t<div class=\"elementor-widget-container\">\n\t\t\t\t\t\t\t<div class=\"elementor-icon-box-wrapper\">\n\n\t\t\t\t\t\t<div class=\"elementor-icon-box-icon\">\n\t\t\t\t<span  class=\"elementor-icon\">\n\t\t\t\t<svg aria-hidden=\"true\" class=\"e-font-icon-svg e-fab-mandalorian\" viewbox=\"0 0 448 512\" xmlns=\"http:\/\/www.w3.org\/2000\/svg\"><path d=\"M232.27 511.89c-1-3.26-1.69-15.83-1.39-24.58.55-15.89 1-24.72 1.4-28.76.64-6.2 2.87-20.72 3.28-21.38.6-1 .4-27.87-.24-33.13-.31-2.58-.63-11.9-.69-20.73-.13-16.47-.53-20.12-2.73-24.76-1.1-2.32-1.23-3.84-1-11.43a92.38 92.38 0 0 0-.34-12.71c-2-13-3.46-27.7-3.25-33.9s.43-7.15 2.06-9.67c3.05-4.71 6.51-14 8.62-23.27 2.26-9.86 3.88-17.18 4.59-20.74a109.54 109.54 0 0 1 4.42-15.05c2.27-6.25 2.49-15.39.37-15.39-.3 0-1.38 1.22-2.41 2.71s-4.76 4.8-8.29 7.36c-8.37 6.08-11.7 9.39-12.66 12.58s-1 7.23-.16 7.76c.34.21 1.29 2.4 2.11 4.88a28.83 28.83 0 0 1 .72 15.36c-.39 1.77-1 5.47-1.46 8.23s-1 6.46-1.25 8.22a9.85 9.85 0 0 1-1.55 4.26c-1 1-1.14.91-2.05-.53a14.87 14.87 0 0 1-1.44-4.75c-.25-1.74-1.63-7.11-3.08-11.93-3.28-10.9-3.52-16.15-1-21a14.24 14.24 0 0 0 1.67-4.61c0-2.39-2.2-5.32-7.41-9.89-7-6.18-8.63-7.92-10.23-11.3-1.71-3.6-3.06-4.06-4.54-1.54-1.78 3-2.6 9.11-3 22l-.34 12.19 2 2.25c3.21 3.7 12.07 16.45 13.78 19.83 3.41 6.74 4.34 11.69 4.41 23.56s.95 22.75 2 24.71c.36.66.51 1.35.34 1.52s.41 2.09 1.29 4.27a38.14 38.14 0 0 1 2.06 9 91 91 0 0 0 1.71 10.37c2.23 9.56 2.77 14.08 2.39 20.14-.2 3.27-.53 11.07-.73 17.32-1.31 41.76-1.85 58-2 61.21-.12 2-.39 11.51-.6 21.07-.36 16.3-1.3 27.37-2.42 28.65-.64.73-8.07-4.91-12.52-9.49-3.75-3.87-4-4.79-2.83-9.95.7-3 2.26-18.29 3.33-32.62.36-4.78.81-10.5 1-12.71.83-9.37 1.66-20.35 2.61-34.78.56-8.46 1.33-16.44 1.72-17.73s.89-9.89 1.13-19.11l.43-16.77-2.26-4.3c-1.72-3.28-4.87-6.94-13.22-15.34-6-6.07-11.84-12.3-12.91-13.85l-1.95-2.81.75-10.9c1.09-15.71 1.1-48.57 0-59.06l-.89-8.7-3.28-4.52c-5.86-8.08-5.8-7.75-6.22-33.27-.1-6.07-.38-11.5-.63-12.06-.83-1.87-3.05-2.66-8.54-3.05-8.86-.62-11-1.9-23.85-14.55-6.15-6-12.34-12-13.75-13.19-2.81-2.42-2.79-2-.56-9.63l1.35-4.65-1.69-3a32.22 32.22 0 0 0-2.59-4.07c-1.33-1.51-5.5-10.89-6-13.49a4.24 4.24 0 0 1 .87-3.9c2.23-2.86 3.4-5.68 4.45-10.73 2.33-11.19 7.74-26.09 10.6-29.22 3.18-3.47 7.7-1 9.41 5 1.34 4.79 1.37 9.79.1 18.55a101.2 101.2 0 0 0-1 11.11c0 4 .19 4.69 2.25 7.39 3.33 4.37 7.73 7.41 15.2 10.52a18.67 18.67 0 0 1 4.72 2.85c11.17 10.72 18.62 16.18 22.95 16.85 5.18.8 8 4.54 10 13.39 1.31 5.65 4 11.14 5.46 11.14a9.38 9.38 0 0 0 3.33-1.39c2-1.22 2.25-1.73 2.25-4.18a132.88 132.88 0 0 0-2-17.84c-.37-1.66-.78-4.06-.93-5.35s-.61-3.85-1-5.69c-2.55-11.16-3.65-15.46-4.1-16-1.55-2-4.08-10.2-4.93-15.92-1.64-11.11-4-14.23-12.91-17.39A43.15 43.15 0 0 1 165.24 78c-1.15-1-4-3.22-6.35-5.06s-4.41-3.53-4.6-3.76a22.7 22.7 0 0 0-2.69-2c-6.24-4.22-8.84-7-11.26-12l-2.44-5-.22-13-.22-13 6.91-6.55c3.95-3.75 8.48-7.35 10.59-8.43 3.31-1.69 4.45-1.89 11.37-2 8.53-.19 10.12 0 11.66 1.56s1.36 6.4-.29 8.5a6.66 6.66 0 0 0-1.34 2.32c0 .58-2.61 4.91-5.42 9a30.39 30.39 0 0 0-2.37 6.82c20.44 13.39 21.55 3.77 14.07 29L194 66.92c3.11-8.66 6.47-17.26 8.61-26.22.29-7.63-12-4.19-15.4-8.68-2.33-5.93 3.13-14.18 6.06-19.2 1.6-2.34 6.62-4.7 8.82-4.15.88.22 4.16-.35 7.37-1.28a45.3 45.3 0 0 1 7.55-1.68 29.57 29.57 0 0 0 6-1.29c3.65-1.11 4.5-1.17 6.35-.4a29.54 29.54 0 0 0 5.82 1.36 18.18 18.18 0 0 1 6 1.91 22.67 22.67 0 0 0 5 2.17c2.51.68 3 .57 7.05-1.67l4.35-2.4L268.32 5c10.44-.4 10.81-.47 15.26-2.68L288.16 0l2.46 1.43c1.76 1 3.14 2.73 4.85 6 2.36 4.51 2.38 4.58 1.37 7.37-.88 2.44-.89 3.3-.1 6.39a35.76 35.76 0 0 0 2.1 5.91 13.55 13.55 0 0 1 1.31 4c.31 4.33 0 5.3-2.41 6.92-2.17 1.47-7 7.91-7 9.34a14.77 14.77 0 0 1-1.07 3c-5 11.51-6.76 13.56-14.26 17-9.2 4.2-12.3 5.19-16.21 5.19-3.1 0-4 .25-4.54 1.26a18.33 18.33 0 0 1-4.09 3.71 13.62 13.62 0 0 0-4.38 4.78 5.89 5.89 0 0 1-2.49 2.91 6.88 6.88 0 0 0-2.45 1.71 67.62 67.62 0 0 1-7 5.38c-3.33 2.34-6.87 5-7.87 6A7.27 7.27 0 0 1 224 100a5.76 5.76 0 0 0-2.13 1.65c-1.31 1.39-1.49 2.11-1.14 4.6a36.45 36.45 0 0 0 1.42 5.88c1.32 3.8 1.31 7.86 0 10.57s-.89 6.65 1.35 9.59c2 2.63 2.16 4.56.71 8.84a33.45 33.45 0 0 0-1.06 8.91c0 4.88.22 6.28 1.46 8.38s1.82 2.48 3.24 2.32c2-.23 2.3-1.05 4.71-12.12 2.18-10 3.71-11.92 13.76-17.08 2.94-1.51 7.46-4 10-5.44s6.79-3.69 9.37-4.91a40.09 40.09 0 0 0 15.22-11.67c7.11-8.79 10-16.22 12.85-33.3a18.37 18.37 0 0 1 2.86-7.73 20.39 20.39 0 0 0 2.89-7.31c1-5.3 2.85-9.08 5.58-11.51 4.7-4.18 6-1.09 4.59 10.87-.46 3.86-1.1 10.33-1.44 14.38l-.61 7.36 4.45 4.09 4.45 4.09.11 8.42c.06 4.63.47 9.53.92 10.89l.82 2.47-6.43 6.28c-8.54 8.33-12.88 13.93-16.76 21.61-1.77 3.49-3.74 7.11-4.38 8-2.18 3.11-6.46 13-8.76 20.26l-2.29 7.22-7 6.49c-3.83 3.57-8 7.25-9.17 8.17-3.05 2.32-4.26 5.15-4.26 10a14.62 14.62 0 0 0 1.59 7.26 42 42 0 0 1 2.09 4.83 9.28 9.28 0 0 0 1.57 2.89c1.4 1.59 1.92 16.12.83 23.22-.68 4.48-3.63 12-4.7 12-1.79 0-4.06 9.27-5.07 20.74-.18 2-.62 5.94-1 8.7s-1 10-1.35 16.05c-.77 12.22-.19 18.77 2 23.15 3.41 6.69.52 12.69-11 22.84l-4 3.49.07 5.19a40.81 40.81 0 0 0 1.14 8.87c4.61 16 4.73 16.92 4.38 37.13-.46 26.4-.26 40.27.63 44.15a61.31 61.31 0 0 1 1.08 7c.17 2 .66 5.33 1.08 7.36.47 2.26.78 11 .79 22.74v19.06l-1.81 2.63c-2.71 3.91-15.11 13.54-15.49 12.29zm29.53-45.11c-.18-.3-.33-6.87-.33-14.59 0-14.06-.89-27.54-2.26-34.45-.4-2-.81-9.7-.9-17.06-.15-11.93-1.4-24.37-2.64-26.38-.66-1.07-3-17.66-3-21.3 0-4.23 1-6 5.28-9.13s4.86-3.14 5.48-.72c.28 1.1 1.45 5.62 2.6 10 3.93 15.12 4.14 16.27 4.05 21.74-.1 5.78-.13 6.13-1.74 17.73-1 7.07-1.17 12.39-1 28.43.17 19.4-.64 35.73-2 41.27-.71 2.78-2.8 5.48-3.43 4.43zm-71-37.58a101 101 0 0 1-1.73-10.79 100.5 100.5 0 0 0-1.73-10.79 37.53 37.53 0 0 1-1-6.49c-.31-3.19-.91-7.46-1.33-9.48-1-4.79-3.35-19.35-3.42-21.07 0-.74-.34-4.05-.7-7.36-.67-6.21-.84-27.67-.22-28.29 1-1 6.63 2.76 11.33 7.43l5.28 5.25-.45 6.47c-.25 3.56-.6 10.23-.78 14.83s-.49 9.87-.67 11.71-.61 9.36-.94 16.72c-.79 17.41-1.94 31.29-2.65 32a.62.62 0 0 1-1-.14zm-87.18-266.59c21.07 12.79 17.84 14.15 28.49 17.66 13 4.29 18.87 7.13 23.15 16.87C111.6 233.28 86.25 255 78.55 268c-31 52-6 101.59 62.75 87.21-14.18 29.23-78 28.63-98.68-4.9-24.68-39.95-22.09-118.3 61-187.66zm210.79 179c56.66 6.88 82.32-37.74 46.54-89.23 0 0-26.87-29.34-64.28-68 3-15.45 9.49-32.12 30.57-53.82 89.2 63.51 92 141.61 92.46 149.36 4.3 70.64-78.7 91.18-105.29 61.71z\"><\/path><\/svg>\t\t\t\t<\/span>\n\t\t\t<\/div>\n\t\t\t\n\t\t\t\t\t\t<div class=\"elementor-icon-box-content\">\n\n\t\t\t\t\t\t\t\t\t<h3 class=\"elementor-icon-box-title\">\n\t\t\t\t\t\t<span  >\n\t\t\t\t\t\t\tBa\u011f\u0131ms\u0131z sanat\u00e7\u0131lar\u0131 destekleyin\t\t\t\t\t\t<\/span>\n\t\t\t\t\t<\/h3>\n\t\t\t\t\n\t\t\t\t\t\t\t\t\t<p class=\"elementor-icon-box-description\">\n\t\t\t\t\t\tM\u00fczikleri hakk\u0131nda de\u011ferli geri bildirimler payla\u015farak <b>yeni ortaya \u00e7\u0131kan sanat\u00e7\u0131lar\u0131<\/b> destekleyin\t\t\t\t\t<\/p>\n\t\t\t\t\n\t\t\t<\/div>\n\t\t\t\n\t\t<\/div>\n\t\t\t\t\t\t<\/div>\n\t\t\t\t<\/div>\n\t\t\t\t<\/div>\n\t\t<div class=\"elementor-element elementor-element-d1f9ef8 e-con-full e-flex e-con e-child\" data-id=\"d1f9ef8\" data-element_type=\"container\" data-e-type=\"container\">\n\t\t\t\t<div class=\"elementor-element elementor-element-41cee93 elementor-view-default elementor-position-block-start elementor-mobile-position-block-start elementor-widget elementor-widget-icon-box\" data-id=\"41cee93\" data-element_type=\"widget\" data-e-type=\"widget\" data-widget_type=\"icon-box.default\">\n\t\t\t\t<div class=\"elementor-widget-container\">\n\t\t\t\t\t\t\t<div class=\"elementor-icon-box-wrapper\">\n\n\t\t\t\t\t\t<div class=\"elementor-icon-box-icon\">\n\t\t\t\t<span  class=\"elementor-icon\">\n\t\t\t\t<svg aria-hidden=\"true\" class=\"e-font-icon-svg e-fas-holly-berry\" viewbox=\"0 0 448 512\" xmlns=\"http:\/\/www.w3.org\/2000\/svg\"><path d=\"M144 192c26.5 0 48-21.5 48-48s-21.5-48-48-48-48 21.5-48 48 21.5 48 48 48zm112-48c0 26.5 21.5 48 48 48s48-21.5 48-48-21.5-48-48-48-48 21.5-48 48zm-32-48c26.5 0 48-21.5 48-48S250.5 0 224 0s-48 21.5-48 48 21.5 48 48 48zm-16.2 139.1c.1-12.4-13.1-20.1-23.8-13.7-34.3 20.3-71.4 32.7-108.7 36.2-9.7.9-15.6 11.3-11.6 20.2 6.2 13.9 11.1 28.6 14.7 43.8 3.6 15.2-5.3 30.6-20.2 35.1-14.9 4.5-30.1 7.6-45.3 9.1-9.7 1-15.7 11.3-11.7 20.2 15 32.8 22.9 69.5 23 107.7.1 14.4 15.2 23.1 27.6 16 33.2-19 68.9-30.5 104.8-33.9 9.7-.9 15.6-11.3 11.6-20.2-6.2-13.9-11.1-28.6-14.7-43.8-3.6-15.2 5.3-30.6 20.2-35.1 14.9-4.5 30.1-7.6 45.3-9.1 9.7-1 15.7-11.3 11.7-20.2-15.5-34.2-23.3-72.5-22.9-112.3zM435 365.6c-15.2-1.6-30.3-4.7-45.3-9.1-14.9-4.5-23.8-19.9-20.2-35.1 3.6-15.2 8.5-29.8 14.7-43.8 4-8.9-1.9-19.3-11.6-20.2-37.3-3.5-74.4-15.9-108.7-36.2-10.7-6.3-23.9 1.4-23.8 13.7 0 1.6-.2 3.2-.2 4.9.2 33.3 7 65.7 19.9 94 5.7 12.4 5.2 26.6-.6 38.9 4.9 1.2 9.9 2.2 14.8 3.7 14.9 4.5 23.8 19.9 20.2 35.1-3.6 15.2-8.5 29.8-14.7 43.8-4 8.9 1.9 19.3 11.6 20.2 35.9 3.4 71.6 14.9 104.8 33.9 12.5 7.1 27.6-1.6 27.6-16 .2-38.2 8-75 23-107.7 4.3-8.7-1.8-19.1-11.5-20.1z\"><\/path><\/svg>\t\t\t\t<\/span>\n\t\t\t<\/div>\n\t\t\t\n\t\t\t\t\t\t<div class=\"elementor-icon-box-content\">\n\n\t\t\t\t\t\t\t\t\t<h3 class=\"elementor-icon-box-title\">\n\t\t\t\t\t\t<span  >\n\t\t\t\t\t\t\t \t\t\t\t\t\tYeni m\u00fczik ke\u015ffedin\t\t\t\t\t\t\t\t\t\t\t<\/span>\n\t\t\t\t\t<\/h3>\n\t\t\t\t\n\t\t\t\t\t\t\t\t\t<p class=\"elementor-icon-box-description\">\n\t\t\t\t\t\t\u00c7alma listeleriniz i\u00e7in ba\u011f\u0131ms\u0131z sanat\u00e7\u0131lar\u0131n <b>yeni par\u00e7alar\u0131n\u0131 ke\u015ffedin<\/b>\t\t\t\t\t<\/p>\n\t\t\t\t\n\t\t\t<\/div>\n\t\t\t\n\t\t<\/div>\n\t\t\t\t\t\t<\/div>\n\t\t\t\t<\/div>\n\t\t\t\t<\/div>\n\t\t\t\t<\/div>\n\t\t\t\t\t<\/div>\n\t\t\t\t<\/div>\n\t\t<div class=\"elementor-element elementor-element-0c2525b e-flex e-con-boxed e-con e-child\" data-id=\"0c2525b\" data-element_type=\"container\" data-e-type=\"container\">\n\t\t\t\t\t<div class=\"e-con-inner\">\n\t\t\t\t<div class=\"elementor-element elementor-element-31cd70d elementor-widget elementor-widget-image\" data-id=\"31cd70d\" data-element_type=\"widget\" data-e-type=\"widget\" data-widget_type=\"image.default\">\n\t\t\t\t<div class=\"elementor-widget-container\">\n\t\t\t\t\t\t\t\t\t\t\t\t\t\t\t<img decoding=\"async\" width=\"800\" height=\"695\" src=\"https:\/\/www.uffmusic.com\/wp-content\/uploads\/2024\/05\/graphic-1024x890-1.webp\" class=\"attachment-large size-large wp-image-2251\" alt=\"\" srcset=\"https:\/\/www.uffmusic.com\/wp-content\/uploads\/2024\/05\/graphic-1024x890-1.webp 1024w, https:\/\/www.uffmusic.com\/wp-content\/uploads\/2024\/05\/graphic-1024x890-1-300x261.webp 300w, https:\/\/www.uffmusic.com\/wp-content\/uploads\/2024\/05\/graphic-1024x890-1-768x668.webp 768w\" sizes=\"(max-width: 800px) 100vw, 800px\" \/>\t\t\t\t\t\t\t\t\t\t\t\t\t\t\t<\/div>\n\t\t\t\t<\/div>\n\t\t\t\t\t<\/div>\n\t\t\t\t<\/div>\n\t\t\t\t\t<\/div>\n\t\t\t\t<\/div>\n\t\t\t\t<\/div>","protected":false},"excerpt":{"rendered":"<p>Get PAID to listen to music Own a Spotify playlist? Join our network and start earning today! Apply Now CURATORS JOINED 0 + TRACKS SUBMITTED 0 K+ SONGS PROCESSED 0 K+ Get paid to listen and review music Unlock the opportunity to get paid to listen to music! Earn by listening to and reviewing songs. [&hellip;]<\/p>\n","protected":false},"author":3,"featured_media":0,"parent":0,"menu_order":0,"comment_status":"closed","ping_status":"closed","template":"elementor_header_footer","meta":{"footnotes":""},"_links":{"self":[{"href":"https:\/\/www.uffmusic.com\/tr\/wp-json\/wp\/v2\/pages\/2239"}],"collection":[{"href":"https:\/\/www.uffmusic.com\/tr\/wp-json\/wp\/v2\/pages"}],"about":[{"href":"https:\/\/www.uffmusic.com\/tr\/wp-json\/wp\/v2\/types\/page"}],"author":[{"embeddable":true,"href":"https:\/\/www.uffmusic.com\/tr\/wp-json\/wp\/v2\/users\/3"}],"replies":[{"embeddable":true,"href":"https:\/\/www.uffmusic.com\/tr\/wp-json\/wp\/v2\/comments?post=2239"}],"version-history":[{"count":22,"href":"https:\/\/www.uffmusic.com\/tr\/wp-json\/wp\/v2\/pages\/2239\/revisions"}],"predecessor-version":[{"id":2385,"href":"https:\/\/www.uffmusic.com\/tr\/wp-json\/wp\/v2\/pages\/2239\/revisions\/2385"}],"wp:attachment":[{"href":"https:\/\/www.uffmusic.com\/tr\/wp-json\/wp\/v2\/media?parent=2239"}],"curies":[{"name":"wp","href":"https:\/\/api.w.org\/{rel}","templated":true}]}}