{"id":1274,"date":"2023-11-19T17:51:34","date_gmt":"2023-11-19T17:51:34","guid":{"rendered":"https:\/\/www.uffmusic.com\/?page_id=1274"},"modified":"2024-07-31T15:50:58","modified_gmt":"2024-07-31T15:50:58","slug":"about-us","status":"publish","type":"page","link":"https:\/\/www.uffmusic.com\/tr\/about-us\/","title":{"rendered":"Hakk\u0131m\u0131zda"},"content":{"rendered":"<div data-elementor-type=\"wp-page\" data-elementor-id=\"1274\" class=\"elementor elementor-1274\" data-elementor-post-type=\"page\">\n\t\t\t\t<div class=\"elementor-element elementor-element-36ee271 e-flex e-con-boxed e-con e-parent\" data-id=\"36ee271\" data-element_type=\"container\" data-e-type=\"container\">\n\t\t\t\t\t<div class=\"e-con-inner\">\n\t\t\t\t<div class=\"elementor-element elementor-element-d00ccac elementor-widget elementor-widget-heading\" data-id=\"d00ccac\" data-element_type=\"widget\" data-e-type=\"widget\" data-widget_type=\"heading.default\">\n\t\t\t\t<div class=\"elementor-widget-container\">\n\t\t\t\t\t<h2 class=\"elementor-heading-title elementor-size-default\">Hakk\u0131m\u0131zda<\/h2>\t\t\t\t<\/div>\n\t\t\t\t<\/div>\n\t\t\t\t\t<\/div>\n\t\t\t\t<\/div>\n\t\t<div class=\"elementor-element elementor-element-4da658a e-flex e-con-boxed e-con e-parent\" data-id=\"4da658a\" data-element_type=\"container\" data-e-type=\"container\">\n\t\t\t\t\t<div class=\"e-con-inner\">\n\t\t<div class=\"elementor-element elementor-element-fd60b4c e-con-full e-flex e-con e-child\" data-id=\"fd60b4c\" data-element_type=\"container\" data-e-type=\"container\">\n\t\t\t\t<div class=\"elementor-element elementor-element-faf8f55 elementor-widget elementor-widget-text-editor\" data-id=\"faf8f55\" data-element_type=\"widget\" data-e-type=\"widget\" data-widget_type=\"text-editor.default\">\n\t\t\t\t<div class=\"elementor-widget-container\">\n\t\t\t\t\t\t\t\t\t<p>2014 y\u0131l\u0131nda \u0130sve\u00e7'in canl\u0131 m\u00fczik ortam\u0131nda kurulan UFF MUSIC, s\u0131n\u0131rlar\u0131 ve t\u00fcrleri a\u015fan i\u015f birliklerini destekleyen dinamik bir g\u00fc\u00e7 haline gelmi\u015ftir. Ba\u015flang\u0131\u00e7ta sanat\u00e7\u0131lar i\u00e7in bir platform olarak kurulan \u015firketin vizyonu, reklamc\u0131lar ve tasar\u0131mc\u0131lardan sosyal medya y\u00f6neticileri ve ba\u015far\u0131l\u0131 A&amp;R uzmanlar\u0131na kadar geni\u015f bir profesyonel yelpazeyi kapsayacak \u015fekilde b\u00fcy\u00fcm\u00fc\u015ft\u00fcr.<\/p>\t\t\t\t\t\t\t\t<\/div>\n\t\t\t\t<\/div>\n\t\t\t\t<div class=\"elementor-element elementor-element-9b9aa28 elementor-widget elementor-widget-text-editor\" data-id=\"9b9aa28\" data-element_type=\"widget\" data-e-type=\"widget\" data-widget_type=\"text-editor.default\">\n\t\t\t\t<div class=\"elementor-widget-container\">\n\t\t\t\t\t\t\t\t\t<p>2018'den beri UFF MUSIC, m\u00fczik d\u00fcnyas\u0131n\u0131n her k\u00f6\u015fesinde ses getirmeye haz\u0131rlanan yeni yetenekleri ke\u015ffetme misyonuna kendini adam\u0131\u015ft\u0131r. Sadece ham yetenekleri belirlemekle kalmay\u0131p, bu sanat\u00e7\u0131lar\u0131 kariyerlerinde b\u00fcy\u00fck ad\u0131mlar atmalar\u0131 i\u00e7in desteklemeye ve geli\u015ftirmeye kararl\u0131d\u0131rlar.<\/p>\t\t\t\t\t\t\t\t<\/div>\n\t\t\t\t<\/div>\n\t\t\t\t<\/div>\n\t\t<div class=\"elementor-element elementor-element-a1ea562 e-con-full e-flex e-con e-child\" data-id=\"a1ea562\" data-element_type=\"container\" data-e-type=\"container\">\n\t\t\t\t<div class=\"elementor-element elementor-element-2108226 elementor-widget elementor-widget-image\" data-id=\"2108226\" data-element_type=\"widget\" data-e-type=\"widget\" data-widget_type=\"image.default\">\n\t\t\t\t<div class=\"elementor-widget-container\">\n\t\t\t\t\t\t\t\t\t\t\t\t\t\t\t\t<a href=\"https:\/\/instagram.com\/uffproduction\">\n\t\t\t\t\t\t\t<img fetchpriority=\"high\" decoding=\"async\" width=\"800\" height=\"800\" src=\"https:\/\/www.uffmusic.com\/wp-content\/uploads\/2023\/12\/010EFCB1-5205-44ED-9BF8-9AC100A31CCB-1024x1024.jpeg\" class=\"attachment-large size-large wp-image-1934\" alt=\"\" srcset=\"https:\/\/www.uffmusic.com\/wp-content\/uploads\/2023\/12\/010EFCB1-5205-44ED-9BF8-9AC100A31CCB-1024x1024.jpeg 1024w, https:\/\/www.uffmusic.com\/wp-content\/uploads\/2023\/12\/010EFCB1-5205-44ED-9BF8-9AC100A31CCB-300x300.jpeg 300w, https:\/\/www.uffmusic.com\/wp-content\/uploads\/2023\/12\/010EFCB1-5205-44ED-9BF8-9AC100A31CCB-150x150.jpeg 150w, https:\/\/www.uffmusic.com\/wp-content\/uploads\/2023\/12\/010EFCB1-5205-44ED-9BF8-9AC100A31CCB-768x768.jpeg 768w, https:\/\/www.uffmusic.com\/wp-content\/uploads\/2023\/12\/010EFCB1-5205-44ED-9BF8-9AC100A31CCB-1536x1536.jpeg 1536w, https:\/\/www.uffmusic.com\/wp-content\/uploads\/2023\/12\/010EFCB1-5205-44ED-9BF8-9AC100A31CCB-2048x2048.jpeg 2048w\" sizes=\"(max-width: 800px) 100vw, 800px\" \/>\t\t\t\t\t\t\t\t<\/a>\n\t\t\t\t\t\t\t\t\t\t\t\t\t\t\t<\/div>\n\t\t\t\t<\/div>\n\t\t\t\t<\/div>\n\t\t\t\t\t<\/div>\n\t\t\t\t<\/div>\n\t\t<div class=\"elementor-element elementor-element-cc724a1 e-flex e-con-boxed e-con e-parent\" data-id=\"cc724a1\" data-element_type=\"container\" data-e-type=\"container\">\n\t\t\t\t\t<div class=\"e-con-inner\">\n\t\t<div class=\"elementor-element elementor-element-1d1514c e-con-full e-flex e-con e-child\" data-id=\"1d1514c\" data-element_type=\"container\" data-e-type=\"container\">\n\t\t\t\t<div class=\"elementor-element elementor-element-9fdcbe6 elementor-widget elementor-widget-image\" data-id=\"9fdcbe6\" data-element_type=\"widget\" data-e-type=\"widget\" data-widget_type=\"image.default\">\n\t\t\t\t<div class=\"elementor-widget-container\">\n\t\t\t\t\t\t\t\t\t\t\t\t\t\t\t\t<a href=\"https:\/\/instagram.com\/ufflabel\">\n\t\t\t\t\t\t\t<img decoding=\"async\" width=\"800\" height=\"800\" src=\"https:\/\/www.uffmusic.com\/wp-content\/uploads\/2023\/12\/29B43765-7E8B-4993-95A2-C3328E32E245-1024x1024.jpeg\" class=\"attachment-large size-large wp-image-1935\" alt=\"\" srcset=\"https:\/\/www.uffmusic.com\/wp-content\/uploads\/2023\/12\/29B43765-7E8B-4993-95A2-C3328E32E245-1024x1024.jpeg 1024w, https:\/\/www.uffmusic.com\/wp-content\/uploads\/2023\/12\/29B43765-7E8B-4993-95A2-C3328E32E245-300x300.jpeg 300w, https:\/\/www.uffmusic.com\/wp-content\/uploads\/2023\/12\/29B43765-7E8B-4993-95A2-C3328E32E245-150x150.jpeg 150w, https:\/\/www.uffmusic.com\/wp-content\/uploads\/2023\/12\/29B43765-7E8B-4993-95A2-C3328E32E245-768x768.jpeg 768w, https:\/\/www.uffmusic.com\/wp-content\/uploads\/2023\/12\/29B43765-7E8B-4993-95A2-C3328E32E245-1536x1536.jpeg 1536w, https:\/\/www.uffmusic.com\/wp-content\/uploads\/2023\/12\/29B43765-7E8B-4993-95A2-C3328E32E245-2048x2048.jpeg 2048w\" sizes=\"(max-width: 800px) 100vw, 800px\" \/>\t\t\t\t\t\t\t\t<\/a>\n\t\t\t\t\t\t\t\t\t\t\t\t\t\t\t<\/div>\n\t\t\t\t<\/div>\n\t\t\t\t<\/div>\n\t\t<div class=\"elementor-element elementor-element-8f7f26b e-con-full e-flex e-con e-child\" data-id=\"8f7f26b\" data-element_type=\"container\" data-e-type=\"container\">\n\t\t\t\t<div class=\"elementor-element elementor-element-3693e36 elementor-widget elementor-widget-text-editor\" data-id=\"3693e36\" data-element_type=\"widget\" data-e-type=\"widget\" data-widget_type=\"text-editor.default\">\n\t\t\t\t<div class=\"elementor-widget-container\">\n\t\t\t\t\t\t\t\t\t<p>UFF MUSIC\u2019in felsefesinin merkezinde, m\u00fczikteki ger\u00e7ek yenili\u011fin farkl\u0131 etkilerin birle\u015fiminden do\u011fdu\u011funa olan inan\u00e7 yatmaktad\u0131r. Yarat\u0131c\u0131 zihinlerden olu\u015fan k\u00fcresel bir a\u011f\u0131 bir araya getirerek, sekt\u00f6rdeki gelece\u011fi \u015fekillendirmeyi ama\u00e7lamaktad\u0131rlar. Sanat\u00e7\u0131lar\u0131n ve profesyonellerin kusursuz bir i\u015f birli\u011fi i\u00e7inde \u00e7\u0131\u011f\u0131r a\u00e7an eserler \u00fcretmesi i\u00e7in bir alan olu\u015fturmay\u0131 hedeflemektedirler.<\/p>\t\t\t\t\t\t\t\t<\/div>\n\t\t\t\t<\/div>\n\t\t\t\t<div class=\"elementor-element elementor-element-5c5cfb1 elementor-widget elementor-widget-text-editor\" data-id=\"5c5cfb1\" data-element_type=\"widget\" data-e-type=\"widget\" data-widget_type=\"text-editor.default\">\n\t\t\t\t<div class=\"elementor-widget-container\">\n\t\t\t\t\t\t\t\t\t<p>UFF MUSIC ile s\u0131n\u0131rlar\u0131 a\u015fan, \u00e7e\u015fitlili\u011fi kucaklayan ve bir sonraki nesil m\u00fczik \u00f6nc\u00fclerinin yolunu a\u00e7an bir yolculu\u011fa kat\u0131l\u0131n. Sahne haz\u0131r, notalar bekliyor ve sesin gelece\u011fi UFF MUSIC'te sizi bekliyor.<\/p>\t\t\t\t\t\t\t\t<\/div>\n\t\t\t\t<\/div>\n\t\t\t\t<\/div>\n\t\t\t\t\t<\/div>\n\t\t\t\t<\/div>\n\t\t<div class=\"elementor-element elementor-element-d10fe8c e-flex e-con-boxed e-con e-parent\" data-id=\"d10fe8c\" data-element_type=\"container\" data-e-type=\"container\">\n\t\t\t\t\t<div class=\"e-con-inner\">\n\t\t<div class=\"elementor-element elementor-element-1dc31cc e-con-full e-flex e-con e-child\" data-id=\"1dc31cc\" data-element_type=\"container\" data-e-type=\"container\">\n\t\t\t\t<div class=\"elementor-element elementor-element-5fcabba elementor-widget elementor-widget-image\" data-id=\"5fcabba\" data-element_type=\"widget\" data-e-type=\"widget\" data-widget_type=\"image.default\">\n\t\t\t\t<div class=\"elementor-widget-container\">\n\t\t\t\t\t\t\t\t\t\t\t\t\t\t\t\t<a href=\"https:\/\/instagram.com\/uffbrand\">\n\t\t\t\t\t\t\t<img decoding=\"async\" width=\"3291\" height=\"3291\" src=\"https:\/\/www.uffmusic.com\/wp-content\/uploads\/2024\/07\/UFF-BRAND.png\" class=\"attachment-full size-full wp-image-2407\" alt=\"\" srcset=\"https:\/\/www.uffmusic.com\/wp-content\/uploads\/2024\/07\/UFF-BRAND.png 3291w, https:\/\/www.uffmusic.com\/wp-content\/uploads\/2024\/07\/UFF-BRAND-300x300.png 300w, https:\/\/www.uffmusic.com\/wp-content\/uploads\/2024\/07\/UFF-BRAND-1024x1024.png 1024w, https:\/\/www.uffmusic.com\/wp-content\/uploads\/2024\/07\/UFF-BRAND-150x150.png 150w, https:\/\/www.uffmusic.com\/wp-content\/uploads\/2024\/07\/UFF-BRAND-768x768.png 768w, https:\/\/www.uffmusic.com\/wp-content\/uploads\/2024\/07\/UFF-BRAND-1536x1536.png 1536w, https:\/\/www.uffmusic.com\/wp-content\/uploads\/2024\/07\/UFF-BRAND-2048x2048.png 2048w\" sizes=\"(max-width: 3291px) 100vw, 3291px\" \/>\t\t\t\t\t\t\t\t<\/a>\n\t\t\t\t\t\t\t\t\t\t\t\t\t\t\t<\/div>\n\t\t\t\t<\/div>\n\t\t\t\t<div class=\"elementor-element elementor-element-4f60535 elementor-widget elementor-widget-image\" data-id=\"4f60535\" data-element_type=\"widget\" data-e-type=\"widget\" data-widget_type=\"image.default\">\n\t\t\t\t<div class=\"elementor-widget-container\">\n\t\t\t\t\t\t\t\t\t\t\t\t\t\t\t\t<a href=\"https:\/\/instagram.com\/uffpromo\">\n\t\t\t\t\t\t\t<img loading=\"lazy\" decoding=\"async\" width=\"3291\" height=\"3291\" src=\"https:\/\/www.uffmusic.com\/wp-content\/uploads\/2024\/07\/UFF-PROMO.png\" class=\"attachment-full size-full wp-image-2412\" alt=\"\" srcset=\"https:\/\/www.uffmusic.com\/wp-content\/uploads\/2024\/07\/UFF-PROMO.png 3291w, https:\/\/www.uffmusic.com\/wp-content\/uploads\/2024\/07\/UFF-PROMO-300x300.png 300w, https:\/\/www.uffmusic.com\/wp-content\/uploads\/2024\/07\/UFF-PROMO-1024x1024.png 1024w, https:\/\/www.uffmusic.com\/wp-content\/uploads\/2024\/07\/UFF-PROMO-150x150.png 150w, https:\/\/www.uffmusic.com\/wp-content\/uploads\/2024\/07\/UFF-PROMO-768x768.png 768w, https:\/\/www.uffmusic.com\/wp-content\/uploads\/2024\/07\/UFF-PROMO-1536x1536.png 1536w, https:\/\/www.uffmusic.com\/wp-content\/uploads\/2024\/07\/UFF-PROMO-2048x2048.png 2048w\" sizes=\"(max-width: 3291px) 100vw, 3291px\" \/>\t\t\t\t\t\t\t\t<\/a>\n\t\t\t\t\t\t\t\t\t\t\t\t\t\t\t<\/div>\n\t\t\t\t<\/div>\n\t\t\t\t<\/div>\n\t\t<div class=\"elementor-element elementor-element-b16262f e-con-full e-flex e-con e-child\" data-id=\"b16262f\" data-element_type=\"container\" data-e-type=\"container\">\n\t\t\t\t<div class=\"elementor-element elementor-element-5b6d8ee elementor-widget elementor-widget-image\" data-id=\"5b6d8ee\" data-element_type=\"widget\" data-e-type=\"widget\" data-widget_type=\"image.default\">\n\t\t\t\t<div class=\"elementor-widget-container\">\n\t\t\t\t\t\t\t\t\t\t\t\t\t\t\t\t<a href=\"https:\/\/instagram.com\/uffartist\">\n\t\t\t\t\t\t\t<img loading=\"lazy\" decoding=\"async\" width=\"3291\" height=\"3291\" src=\"https:\/\/www.uffmusic.com\/wp-content\/uploads\/2024\/07\/UFF-ARTIST.png\" class=\"attachment-full size-full wp-image-2406\" alt=\"\" srcset=\"https:\/\/www.uffmusic.com\/wp-content\/uploads\/2024\/07\/UFF-ARTIST.png 3291w, https:\/\/www.uffmusic.com\/wp-content\/uploads\/2024\/07\/UFF-ARTIST-300x300.png 300w, https:\/\/www.uffmusic.com\/wp-content\/uploads\/2024\/07\/UFF-ARTIST-1024x1024.png 1024w, https:\/\/www.uffmusic.com\/wp-content\/uploads\/2024\/07\/UFF-ARTIST-150x150.png 150w, https:\/\/www.uffmusic.com\/wp-content\/uploads\/2024\/07\/UFF-ARTIST-768x768.png 768w, https:\/\/www.uffmusic.com\/wp-content\/uploads\/2024\/07\/UFF-ARTIST-1536x1536.png 1536w, https:\/\/www.uffmusic.com\/wp-content\/uploads\/2024\/07\/UFF-ARTIST-2048x2048.png 2048w\" sizes=\"(max-width: 3291px) 100vw, 3291px\" \/>\t\t\t\t\t\t\t\t<\/a>\n\t\t\t\t\t\t\t\t\t\t\t\t\t\t\t<\/div>\n\t\t\t\t<\/div>\n\t\t\t\t<div class=\"elementor-element elementor-element-d206898 elementor-widget elementor-widget-image\" data-id=\"d206898\" data-element_type=\"widget\" data-e-type=\"widget\" data-widget_type=\"image.default\">\n\t\t\t\t<div class=\"elementor-widget-container\">\n\t\t\t\t\t\t\t\t\t\t\t\t\t\t\t\t<a href=\"https:\/\/instagram.com\/uff.global\">\n\t\t\t\t\t\t\t<img loading=\"lazy\" decoding=\"async\" width=\"2700\" height=\"2700\" src=\"https:\/\/www.uffmusic.com\/wp-content\/uploads\/2024\/07\/UFF-GLOBAL.png\" class=\"attachment-full size-full wp-image-2417\" alt=\"\" srcset=\"https:\/\/www.uffmusic.com\/wp-content\/uploads\/2024\/07\/UFF-GLOBAL.png 2700w, https:\/\/www.uffmusic.com\/wp-content\/uploads\/2024\/07\/UFF-GLOBAL-300x300.png 300w, https:\/\/www.uffmusic.com\/wp-content\/uploads\/2024\/07\/UFF-GLOBAL-1024x1024.png 1024w, https:\/\/www.uffmusic.com\/wp-content\/uploads\/2024\/07\/UFF-GLOBAL-150x150.png 150w, https:\/\/www.uffmusic.com\/wp-content\/uploads\/2024\/07\/UFF-GLOBAL-768x768.png 768w, https:\/\/www.uffmusic.com\/wp-content\/uploads\/2024\/07\/UFF-GLOBAL-1536x1536.png 1536w, https:\/\/www.uffmusic.com\/wp-content\/uploads\/2024\/07\/UFF-GLOBAL-2048x2048.png 2048w\" sizes=\"(max-width: 2700px) 100vw, 2700px\" \/>\t\t\t\t\t\t\t\t<\/a>\n\t\t\t\t\t\t\t\t\t\t\t\t\t\t\t<\/div>\n\t\t\t\t<\/div>\n\t\t\t\t<\/div>\n\t\t\t\t\t<\/div>\n\t\t\t\t<\/div>\n\t\t\t\t<\/div>","protected":false},"excerpt":{"rendered":"<p>About Us Founded in the vibrant musical landscape of the Sweden in 2014, UFF MUSIC has become a dynamic force in the industry, fostering collaboration across borders and genres. Initially established as a platform for artists, the company&#8217;s vision expanded to include a diverse array of professionals, from advertisers and designers to social media managers [&hellip;]<\/p>\n","protected":false},"author":2,"featured_media":0,"parent":0,"menu_order":0,"comment_status":"closed","ping_status":"closed","template":"","meta":{"footnotes":""},"_links":{"self":[{"href":"https:\/\/www.uffmusic.com\/tr\/wp-json\/wp\/v2\/pages\/1274"}],"collection":[{"href":"https:\/\/www.uffmusic.com\/tr\/wp-json\/wp\/v2\/pages"}],"about":[{"href":"https:\/\/www.uffmusic.com\/tr\/wp-json\/wp\/v2\/types\/page"}],"author":[{"embeddable":true,"href":"https:\/\/www.uffmusic.com\/tr\/wp-json\/wp\/v2\/users\/2"}],"replies":[{"embeddable":true,"href":"https:\/\/www.uffmusic.com\/tr\/wp-json\/wp\/v2\/comments?post=1274"}],"version-history":[{"count":75,"href":"https:\/\/www.uffmusic.com\/tr\/wp-json\/wp\/v2\/pages\/1274\/revisions"}],"predecessor-version":[{"id":2424,"href":"https:\/\/www.uffmusic.com\/tr\/wp-json\/wp\/v2\/pages\/1274\/revisions\/2424"}],"wp:attachment":[{"href":"https:\/\/www.uffmusic.com\/tr\/wp-json\/wp\/v2\/media?parent=1274"}],"curies":[{"name":"wp","href":"https:\/\/api.w.org\/{rel}","templated":true}]}}